{"id":716,"date":"2025-05-19T17:34:37","date_gmt":"2025-05-19T15:34:37","guid":{"rendered":"https:\/\/badiapujolarquitectura.com\/?page_id=716"},"modified":"2025-11-25T22:49:47","modified_gmt":"2025-11-25T21:49:47","slug":"inicio-2","status":"publish","type":"page","link":"https:\/\/badiapujolarquitectura.com\/en\/","title":{"rendered":"Inicio"},"content":{"rendered":"\t\t<div data-elementor-type=\"wp-page\" data-elementor-id=\"716\" class=\"elementor elementor-716\" data-elementor-post-type=\"page\">\n\t\t\t\t<div class=\"elementor-element elementor-element-42a7183 e-flex e-con-boxed e-con e-parent\" data-id=\"42a7183\" data-element_type=\"container\" data-e-type=\"container\" data-settings=\"{&quot;background_background&quot;:&quot;slideshow&quot;,&quot;background_slideshow_gallery&quot;:[{&quot;id&quot;:34,&quot;url&quot;:&quot;https:\\\/\\\/badiapujolarquitectura.com\\\/wp-content\\\/uploads\\\/2025\\\/01\\\/LLU5551.jpg&quot;},{&quot;id&quot;:33,&quot;url&quot;:&quot;https:\\\/\\\/badiapujolarquitectura.com\\\/wp-content\\\/uploads\\\/2025\\\/01\\\/LLU5530.jpg&quot;},{&quot;id&quot;:36,&quot;url&quot;:&quot;https:\\\/\\\/badiapujolarquitectura.com\\\/wp-content\\\/uploads\\\/2025\\\/01\\\/1.jpg&quot;},{&quot;id&quot;:44,&quot;url&quot;:&quot;https:\\\/\\\/badiapujolarquitectura.com\\\/wp-content\\\/uploads\\\/2025\\\/01\\\/DSC1901.jpg&quot;},{&quot;id&quot;:48,&quot;url&quot;:&quot;https:\\\/\\\/badiapujolarquitectura.com\\\/wp-content\\\/uploads\\\/2025\\\/01\\\/DSC1810.jpg&quot;},{&quot;id&quot;:50,&quot;url&quot;:&quot;https:\\\/\\\/badiapujolarquitectura.com\\\/wp-content\\\/uploads\\\/2025\\\/01\\\/DSC1506.jpg&quot;}],&quot;background_slideshow_loop&quot;:&quot;yes&quot;,&quot;background_slideshow_slide_duration&quot;:5000,&quot;background_slideshow_slide_transition&quot;:&quot;fade&quot;,&quot;background_slideshow_transition_duration&quot;:500}\">\n\t\t\t\t\t<div class=\"e-con-inner\">\n\t\t\t\t<div class=\"elementor-element elementor-element-6071677 elementor-widget elementor-widget-menu-anchor\" data-id=\"6071677\" data-element_type=\"widget\" data-e-type=\"widget\" data-widget_type=\"menu-anchor.default\">\n\t\t\t\t<div class=\"elementor-widget-container\">\n\t\t\t\t\t\t\t<div class=\"elementor-menu-anchor\" id=\"nosotras\"><\/div>\n\t\t\t\t\t\t<\/div>\n\t\t\t\t<\/div>\n\t\t\t\t\t<\/div>\n\t\t\t\t<\/div>\n\t\t<div class=\"elementor-element elementor-element-47dbbc8 e-flex e-con-boxed e-con e-parent\" data-id=\"47dbbc8\" data-element_type=\"container\" data-e-type=\"container\" data-settings=\"{&quot;background_background&quot;:&quot;classic&quot;}\">\n\t\t\t\t\t<div class=\"e-con-inner\">\n\t\t<div class=\"elementor-element elementor-element-38462f9 e-con-full e-flex e-con e-child\" data-id=\"38462f9\" data-element_type=\"container\" data-e-type=\"container\">\n\t\t\t\t<div class=\"elementor-element elementor-element-6515461 elementor-invisible elementor-widget elementor-widget-image\" data-id=\"6515461\" data-element_type=\"widget\" data-e-type=\"widget\" data-settings=\"{&quot;motion_fx_motion_fx_scrolling&quot;:&quot;yes&quot;,&quot;motion_fx_opacity_effect&quot;:&quot;yes&quot;,&quot;motion_fx_opacity_range&quot;:{&quot;unit&quot;:&quot;%&quot;,&quot;size&quot;:&quot;&quot;,&quot;sizes&quot;:{&quot;start&quot;:0,&quot;end&quot;:72}},&quot;_animation&quot;:&quot;fadeInLeft&quot;,&quot;motion_fx_opacity_direction&quot;:&quot;out-in&quot;,&quot;motion_fx_opacity_level&quot;:{&quot;unit&quot;:&quot;px&quot;,&quot;size&quot;:10,&quot;sizes&quot;:[]},&quot;motion_fx_devices&quot;:[&quot;desktop&quot;,&quot;tablet&quot;,&quot;mobile&quot;]}\" data-widget_type=\"image.default\">\n\t\t\t\t<div class=\"elementor-widget-container\">\n\t\t\t\t\t\t\t\t\t\t\t\t<figure class=\"wp-caption\">\n\t\t\t\t\t\t\t\t\t\t<img fetchpriority=\"high\" decoding=\"async\" width=\"800\" height=\"534\" src=\"https:\/\/badiapujolarquitectura.com\/wp-content\/uploads\/2025\/01\/LLU5396-1024x683.jpg\" class=\"attachment-large size-large wp-image-84\" alt=\"BADIA PUJOL ARQUITECTOS\" srcset=\"https:\/\/badiapujolarquitectura.com\/wp-content\/uploads\/2025\/01\/LLU5396-1024x683.jpg 1024w, https:\/\/badiapujolarquitectura.com\/wp-content\/uploads\/2025\/01\/LLU5396-300x200.jpg 300w, https:\/\/badiapujolarquitectura.com\/wp-content\/uploads\/2025\/01\/LLU5396-768x512.jpg 768w, https:\/\/badiapujolarquitectura.com\/wp-content\/uploads\/2025\/01\/LLU5396.jpg 1200w\" sizes=\"(max-width: 800px) 100vw, 800px\" \/>\t\t\t\t\t\t\t\t\t\t\t<figcaption class=\"widget-image-caption wp-caption-text\"><\/figcaption>\n\t\t\t\t\t\t\t\t\t\t<\/figure>\n\t\t\t\t\t\t\t\t\t<\/div>\n\t\t\t\t<\/div>\n\t\t\t\t<\/div>\n\t\t<div class=\"elementor-element elementor-element-b2388ab e-con-full e-flex e-con e-child\" data-id=\"b2388ab\" data-element_type=\"container\" data-e-type=\"container\">\n\t\t\t\t<div class=\"elementor-element elementor-element-75a728e elementor-widget elementor-widget-heading\" data-id=\"75a728e\" data-element_type=\"widget\" data-e-type=\"widget\" data-widget_type=\"heading.default\">\n\t\t\t\t<div class=\"elementor-widget-container\">\n\t\t\t\t\t<h2 class=\"elementor-heading-title elementor-size-default\">NOSOTRAS<\/h2>\t\t\t\t<\/div>\n\t\t\t\t<\/div>\n\t\t\t\t<div class=\"elementor-element elementor-element-12eeeab elementor-widget elementor-widget-text-editor\" data-id=\"12eeeab\" data-element_type=\"widget\" data-e-type=\"widget\" data-widget_type=\"text-editor.default\">\n\t\t\t\t<div class=\"elementor-widget-container\">\n\t\t\t\t\t\t\t\t\t<p>En 2023, BPA nace de la uni\u00f3n de dos arquitectas apasionadas y comprometidas: Blanca Badia, arquitecta, y Anna Pujol, arquitecta t\u00e9cnica, quienes aportan m\u00e1s de 20 a\u00f1os de experiencia en la rehabilitaci\u00f3n y renovaci\u00f3n de espacios.<\/p><p>Nuestra visi\u00f3n es clara: acompa\u00f1ar a cada cliente en su proyecto desde el primer boceto hasta el final de la obra, con un enfoque meticuloso que garantice un control exhaustivo tanto de los aspectos t\u00e9cnicos como de los econ\u00f3micos.<\/p><p>Nuestra filosof\u00eda de trabajo es ofrecer una experiencia integral y cercana, donde cada decisi\u00f3n cuenta para materializar las expectativas de quienes conf\u00edan en nosotras.<\/p><p>Creemos que el \u00e9xito de cada proyecto est\u00e1 en los detalles y en la transparencia, y por ello en BPA dedicamos nuestros esfuerzos a asegurar una ejecuci\u00f3n impecable y alineada con nuestros valores.<\/p>\t\t\t\t\t\t\t\t<\/div>\n\t\t\t\t<\/div>\n\t\t\t\t<div class=\"elementor-element elementor-element-ff090ae elementor-widget elementor-widget-menu-anchor\" data-id=\"ff090ae\" data-element_type=\"widget\" data-e-type=\"widget\" data-widget_type=\"menu-anchor.default\">\n\t\t\t\t<div class=\"elementor-widget-container\">\n\t\t\t\t\t\t\t<div class=\"elementor-menu-anchor\" id=\"proyectos\"><\/div>\n\t\t\t\t\t\t<\/div>\n\t\t\t\t<\/div>\n\t\t\t\t<\/div>\n\t\t\t\t\t<\/div>\n\t\t\t\t<\/div>\n\t\t\t\t<\/div>\n\t\t","protected":false},"excerpt":{"rendered":"<p>NOSOTRAS En 2023, BPA nace de la uni\u00f3n de dos arquitectas apasionadas y comprometidas: Blanca Badia, arquitecta, y Anna Pujol, arquitecta t\u00e9cnica, quienes aportan m\u00e1s de 20 a\u00f1os de experiencia en la rehabilitaci\u00f3n y renovaci\u00f3n de espacios. Nuestra visi\u00f3n es clara: acompa\u00f1ar a cada cliente en su proyecto desde el primer boceto hasta el final [&hellip;]<\/p>\n","protected":false},"author":1,"featured_media":0,"parent":0,"menu_order":0,"comment_status":"closed","ping_status":"closed","template":"","meta":{"footnotes":""},"class_list":["post-716","page","type-page","status-publish","hentry"],"yoast_head":"<!-- This site is optimized with the Yoast SEO plugin v26.9 - https:\/\/yoast.com\/product\/yoast-seo-wordpress\/ -->\n<title>Badia Pujol estudio de arquitectura en Barcelona - Badia Pujol<\/title>\n<meta name=\"description\" content=\"Estudio de arquitectura en Barcelona, con m\u00e1s de 20 a\u00f1os de experiencia en rehabilitaci\u00f3n y renovaci\u00f3n de espacios\" \/>\n<meta name=\"robots\" content=\"index, follow, max-snippet:-1, max-image-preview:large, max-video-preview:-1\" \/>\n<link rel=\"canonical\" href=\"https:\/\/badiapujolarquitectura.com\/en\/\" \/>\n<meta property=\"og:locale\" content=\"en_GB\" \/>\n<meta property=\"og:type\" content=\"article\" \/>\n<meta property=\"og:title\" content=\"Badia Pujol estudio de arquitectura en Barcelona - Badia Pujol\" \/>\n<meta property=\"og:description\" content=\"Estudio de arquitectura en Barcelona, con m\u00e1s de 20 a\u00f1os de experiencia en rehabilitaci\u00f3n y renovaci\u00f3n de espacios\" \/>\n<meta property=\"og:url\" content=\"https:\/\/badiapujolarquitectura.com\/en\/\" \/>\n<meta property=\"article:modified_time\" content=\"2025-11-25T21:49:47+00:00\" \/>\n<meta property=\"og:image\" content=\"https:\/\/badiapujolarquitectura.com\/wp-content\/uploads\/2025\/01\/LLU5396.jpg\" \/>\n\t<meta property=\"og:image:width\" content=\"1200\" \/>\n\t<meta property=\"og:image:height\" content=\"800\" \/>\n\t<meta property=\"og:image:type\" content=\"image\/jpeg\" \/>\n<meta name=\"twitter:card\" content=\"summary_large_image\" \/>\n<script type=\"application\/ld+json\" class=\"yoast-schema-graph\">{\"@context\":\"https:\/\/schema.org\",\"@graph\":[{\"@type\":\"WebPage\",\"@id\":\"https:\/\/badiapujolarquitectura.com\/\",\"url\":\"https:\/\/badiapujolarquitectura.com\/\",\"name\":\"Badia Pujol estudio de arquitectura en Barcelona - Badia Pujol\",\"isPartOf\":{\"@id\":\"https:\/\/badiapujolarquitectura.com\/#website\"},\"primaryImageOfPage\":{\"@id\":\"https:\/\/badiapujolarquitectura.com\/#primaryimage\"},\"image\":{\"@id\":\"https:\/\/badiapujolarquitectura.com\/#primaryimage\"},\"thumbnailUrl\":\"https:\/\/badiapujolarquitectura.com\/wp-content\/uploads\/2025\/01\/LLU5396-1024x683.jpg\",\"datePublished\":\"2025-05-19T15:34:37+00:00\",\"dateModified\":\"2025-11-25T21:49:47+00:00\",\"description\":\"Estudio de arquitectura en Barcelona, con m\u00e1s de 20 a\u00f1os de experiencia en rehabilitaci\u00f3n y renovaci\u00f3n de espacios\",\"breadcrumb\":{\"@id\":\"https:\/\/badiapujolarquitectura.com\/#breadcrumb\"},\"inLanguage\":\"en-GB\",\"potentialAction\":[{\"@type\":\"ReadAction\",\"target\":[\"https:\/\/badiapujolarquitectura.com\/\"]}]},{\"@type\":\"ImageObject\",\"inLanguage\":\"en-GB\",\"@id\":\"https:\/\/badiapujolarquitectura.com\/#primaryimage\",\"url\":\"https:\/\/badiapujolarquitectura.com\/wp-content\/uploads\/2025\/01\/LLU5396-1024x683.jpg\",\"contentUrl\":\"https:\/\/badiapujolarquitectura.com\/wp-content\/uploads\/2025\/01\/LLU5396-1024x683.jpg\"},{\"@type\":\"BreadcrumbList\",\"@id\":\"https:\/\/badiapujolarquitectura.com\/#breadcrumb\",\"itemListElement\":[{\"@type\":\"ListItem\",\"position\":1,\"name\":\"Portada\",\"item\":\"https:\/\/badiapujolarquitectura.com\/\"},{\"@type\":\"ListItem\",\"position\":2,\"name\":\"Inicio\"}]},{\"@type\":\"WebSite\",\"@id\":\"https:\/\/badiapujolarquitectura.com\/#website\",\"url\":\"https:\/\/badiapujolarquitectura.com\/\",\"name\":\"\",\"description\":\"\",\"potentialAction\":[{\"@type\":\"SearchAction\",\"target\":{\"@type\":\"EntryPoint\",\"urlTemplate\":\"https:\/\/badiapujolarquitectura.com\/?s={search_term_string}\"},\"query-input\":{\"@type\":\"PropertyValueSpecification\",\"valueRequired\":true,\"valueName\":\"search_term_string\"}}],\"inLanguage\":\"en-GB\"}]}<\/script>\n<!-- \/ Yoast SEO plugin. -->","yoast_head_json":{"title":"Badia Pujol estudio de arquitectura en Barcelona - Badia Pujol","description":"Estudio de arquitectura en Barcelona, con m\u00e1s de 20 a\u00f1os de experiencia en rehabilitaci\u00f3n y renovaci\u00f3n de espacios","robots":{"index":"index","follow":"follow","max-snippet":"max-snippet:-1","max-image-preview":"max-image-preview:large","max-video-preview":"max-video-preview:-1"},"canonical":"https:\/\/badiapujolarquitectura.com\/en\/","og_locale":"en_GB","og_type":"article","og_title":"Badia Pujol estudio de arquitectura en Barcelona - Badia Pujol","og_description":"Estudio de arquitectura en Barcelona, con m\u00e1s de 20 a\u00f1os de experiencia en rehabilitaci\u00f3n y renovaci\u00f3n de espacios","og_url":"https:\/\/badiapujolarquitectura.com\/en\/","article_modified_time":"2025-11-25T21:49:47+00:00","og_image":[{"width":1200,"height":800,"url":"https:\/\/badiapujolarquitectura.com\/wp-content\/uploads\/2025\/01\/LLU5396.jpg","type":"image\/jpeg"}],"twitter_card":"summary_large_image","schema":{"@context":"https:\/\/schema.org","@graph":[{"@type":"WebPage","@id":"https:\/\/badiapujolarquitectura.com\/","url":"https:\/\/badiapujolarquitectura.com\/","name":"Badia Pujol estudio de arquitectura en Barcelona - Badia Pujol","isPartOf":{"@id":"https:\/\/badiapujolarquitectura.com\/#website"},"primaryImageOfPage":{"@id":"https:\/\/badiapujolarquitectura.com\/#primaryimage"},"image":{"@id":"https:\/\/badiapujolarquitectura.com\/#primaryimage"},"thumbnailUrl":"https:\/\/badiapujolarquitectura.com\/wp-content\/uploads\/2025\/01\/LLU5396-1024x683.jpg","datePublished":"2025-05-19T15:34:37+00:00","dateModified":"2025-11-25T21:49:47+00:00","description":"Estudio de arquitectura en Barcelona, con m\u00e1s de 20 a\u00f1os de experiencia en rehabilitaci\u00f3n y renovaci\u00f3n de espacios","breadcrumb":{"@id":"https:\/\/badiapujolarquitectura.com\/#breadcrumb"},"inLanguage":"en-GB","potentialAction":[{"@type":"ReadAction","target":["https:\/\/badiapujolarquitectura.com\/"]}]},{"@type":"ImageObject","inLanguage":"en-GB","@id":"https:\/\/badiapujolarquitectura.com\/#primaryimage","url":"https:\/\/badiapujolarquitectura.com\/wp-content\/uploads\/2025\/01\/LLU5396-1024x683.jpg","contentUrl":"https:\/\/badiapujolarquitectura.com\/wp-content\/uploads\/2025\/01\/LLU5396-1024x683.jpg"},{"@type":"BreadcrumbList","@id":"https:\/\/badiapujolarquitectura.com\/#breadcrumb","itemListElement":[{"@type":"ListItem","position":1,"name":"Portada","item":"https:\/\/badiapujolarquitectura.com\/"},{"@type":"ListItem","position":2,"name":"Inicio"}]},{"@type":"WebSite","@id":"https:\/\/badiapujolarquitectura.com\/#website","url":"https:\/\/badiapujolarquitectura.com\/","name":"","description":"","potentialAction":[{"@type":"SearchAction","target":{"@type":"EntryPoint","urlTemplate":"https:\/\/badiapujolarquitectura.com\/?s={search_term_string}"},"query-input":{"@type":"PropertyValueSpecification","valueRequired":true,"valueName":"search_term_string"}}],"inLanguage":"en-GB"}]}},"_links":{"self":[{"href":"https:\/\/badiapujolarquitectura.com\/en\/wp-json\/wp\/v2\/pages\/716","targetHints":{"allow":["GET"]}}],"collection":[{"href":"https:\/\/badiapujolarquitectura.com\/en\/wp-json\/wp\/v2\/pages"}],"about":[{"href":"https:\/\/badiapujolarquitectura.com\/en\/wp-json\/wp\/v2\/types\/page"}],"author":[{"embeddable":true,"href":"https:\/\/badiapujolarquitectura.com\/en\/wp-json\/wp\/v2\/users\/1"}],"replies":[{"embeddable":true,"href":"https:\/\/badiapujolarquitectura.com\/en\/wp-json\/wp\/v2\/comments?post=716"}],"version-history":[{"count":31,"href":"https:\/\/badiapujolarquitectura.com\/en\/wp-json\/wp\/v2\/pages\/716\/revisions"}],"predecessor-version":[{"id":801,"href":"https:\/\/badiapujolarquitectura.com\/en\/wp-json\/wp\/v2\/pages\/716\/revisions\/801"}],"wp:attachment":[{"href":"https:\/\/badiapujolarquitectura.com\/en\/wp-json\/wp\/v2\/media?parent=716"}],"curies":[{"name":"wp","href":"https:\/\/api.w.org\/{rel}","templated":true}]}}