{"id":3,"date":"2024-12-09T17:23:43","date_gmt":"2024-12-09T16:23:43","guid":{"rendered":"https:\/\/badiapujolarquitectura.com\/?page_id=3"},"modified":"2025-03-06T13:21:31","modified_gmt":"2025-03-06T12:21:31","slug":"aviso-legal","status":"publish","type":"page","link":"https:\/\/badiapujolarquitectura.com\/en\/aviso-legal\/","title":{"rendered":"Aviso legal"},"content":{"rendered":"<div data-elementor-type=\"wp-page\" data-elementor-id=\"3\" class=\"elementor elementor-3\" data-elementor-post-type=\"page\">\n\t\t\t\t<div class=\"elementor-element elementor-element-1b465c3 e-con-full e-flex e-con e-parent\" data-id=\"1b465c3\" data-element_type=\"container\" data-e-type=\"container\" data-settings=\"{&quot;background_background&quot;:&quot;classic&quot;}\">\n\t\t\t\t<div class=\"elementor-element elementor-element-0d07cdf elementor-widget elementor-widget-heading\" data-id=\"0d07cdf\" data-element_type=\"widget\" data-e-type=\"widget\" data-widget_type=\"heading.default\">\n\t\t\t\t<div class=\"elementor-widget-container\">\n\t\t\t\t\t<h2 class=\"elementor-heading-title elementor-size-default\">Aviso legal<\/h2>\t\t\t\t<\/div>\n\t\t\t\t<\/div>\n\t\t\t\t<\/div>\n\t\t<div class=\"elementor-element elementor-element-7d34db50 e-flex e-con-boxed e-con e-parent\" data-id=\"7d34db50\" data-element_type=\"container\" data-e-type=\"container\">\n\t\t\t\t\t<div class=\"e-con-inner\">\n\t\t\t\t<div class=\"elementor-element elementor-element-2ae2b1fb elementor-widget elementor-widget-text-editor\" data-id=\"2ae2b1fb\" data-element_type=\"widget\" data-e-type=\"widget\" data-widget_type=\"text-editor.default\">\n\t\t\t\t<div class=\"elementor-widget-container\">\n\t\t\t\t\t\t\t\t\t\n<p style=\"font-weight: 400;\"><strong>Propiedad del sitio web<\/strong><\/p>\n<p style=\"font-weight: 400;\">Este sitio web, con direcci\u00f3n<u> https:\/\/badiapujolarquitectura.com<\/u> es propiedad de BADIA PUJOL ARQUIETCTURA, con domicilio en la calle Mandri 2, de Barcelona, en adelante BADIA PUJOL ARQUIETCTURA<\/p>\n<p style=\"font-weight: 400;\"><strong>Contenidos del sitio web<\/strong><\/p>\n<p style=\"font-weight: 400;\">Todos sus contenidos, incluyendo los textos, las im\u00e1genes, el sonido y cualquier otro material, son propiedad de BADIA PUJOL ARQUITECTURA o de los terceros que hayan autorizado el uso. BADIA PUJOL ARQUITECTURA se reserva todos los derechos.<\/p>\n<p style=\"font-weight: 400;\">La informaci\u00f3n administrativa que BADIA PUJOL ARQUITECTURA publica en este sitio web no sustituye el contenido de las leyes, las disposiciones generales y los acuerdos que se hayan de publicar formalmente al DOGC y en otros diarios oficiales, la edici\u00f3n impresa de las cuales es el \u00fanico instrumento que da fe de su autenticidad y de su contenido.<\/p>\n<p style=\"font-weight: 400;\"><strong>Exoneraci\u00f3n de responsabilidades de BADIA PUJOL ARQUITECTURA <\/strong><\/p>\n<p style=\"font-weight: 400;\">La persona usuaria del sitio web es consciente y acepta de forma voluntaria que la utilizaci\u00f3n del servicio tiene lugar, en todo caso, bajo su responsabilidad. As\u00ed y excepto los casos en que la ley proh\u00edba de forma imperativa limitar la responsabilidad, BADIA PUJOL ARQUITECTURA no asume ninguna responsabilidad derivada de los usos que la persona usuaria haga de este servicio.<\/p>\n<p style=\"font-weight: 400;\">A t\u00edtulo no limitativo, BADIA PUJOL ARQUITECTURA se exonera de cualquier responsabilidad derivada de:<\/p>\n<ul style=\"font-weight: 400;\">\n<li>La no garant\u00eda del acceso continuo a los elementos y a la informaci\u00f3n contenidos en sus p\u00e1ginas web, ni su correcta visualizaci\u00f3n o descarga o su utilidad.<\/li>\n<li>Los eventuales da\u00f1os y perjuicios producidos por interferencias, aver\u00edas telef\u00f3nicas o desconexiones en el sistema electr\u00f3nico o por cualquier otro factor o circunstancia ajenas a su control.<\/li>\n<li>La no garant\u00eda que su sitio web y sus servidores est\u00e9n libres de virus y de programas malignos de cualquier tipo, a la vez que no se hace responsable de los eventuales da\u00f1os y perjuicios causados por el acceso a su sitio web o por la imposibilidad de acceder.<\/li>\n<li>De la informaci\u00f3n ni del resto de contenidos de terceros enlazados al sitio web. As\u00ed mismo, no se responsabiliza de ninguna informaci\u00f3n no contenida en este sitio web, y por lo tanto, no elaborada directamente por BADIA PUJOL ARQUITECTURA o por alguno de sus miembros autorizados.<\/li>\n<\/ul>\n<p style=\"font-weight: 400;\">\u00a0<\/p>\n<p style=\"font-weight: 400;\"><strong>Responsabilidad de los usuarios<\/strong><\/p>\n<p style=\"font-weight: 400;\">BADIA PUJOL ARQUITECTURA no autoriza utilizar los contenidos de este sitio web con fines comerciales o publicitarios.<\/p>\n<p style=\"font-weight: 400;\">Tampoco permite reproducir, distribuir, transmitir, adaptar o modificar, con cualquier herramienta o cualquier medio, ni los contenidos de este sitio web ni su dise\u00f1o.<\/p>\n<p style=\"font-weight: 400;\">Queda prohibido, excepto en los casos en que BADIA PUJOL ARQUITECTURA lo autorice expresamente, presentar p\u00e1ginas web del sitio bajo marcos, signos distintivos, marcas u otras denominaciones sociales o comerciales de otra persona, empresa o entidad.<\/p>\n<p style=\"font-weight: 400;\">Los usuarios de este sitio web se comprometen a subministrar informaci\u00f3n verdadera y exacta sobre ellos mismos cuando se les pida.<\/p>\n<p style=\"font-weight: 400;\">Pol\u00edtica de privacidad y tratamiento de datos personales<\/p>\n<p style=\"font-weight: 400;\">Para m\u00e1s informaci\u00f3n consulte la pol\u00edtica de privacidad.<\/p>\n<p style=\"font-weight: 400;\"><strong>Pol\u00edtica de cookies<\/strong><\/p>\n<p style=\"font-weight: 400;\">Para m\u00e1s informaci\u00f3n consulte la pol\u00edtica de cookies.<\/p>\n<p style=\"font-weight: 400;\"><strong>Notificaciones, ley aplicable y jurisdicci\u00f3n<\/strong><\/p>\n<p style=\"font-weight: 400;\">Si se produjera alguna diferencia entre las dos partes sobre la interpretaci\u00f3n, cumplimiento y efectos de estas condiciones legales, y en caso de poder no llegar a un acuerdo o soluci\u00f3n aceptada por las dos partes, con renuncia expresa a cualquier otro fuero que pudiera corresponderles se someten a la jurisdicci\u00f3n y competencia de los Tribunales y Juzgados de Barcelona. Los usuarios aceptan el cumplimiento y el respecto de este punto.<\/p>\n<p style=\"font-weight: 400;\"><strong>Modificaciones de las condiciones legales<\/strong><\/p>\n<p style=\"font-weight: 400;\">BADIA PUJOL ARQUITECTURA se reserva el derecho a modificar en cualquier momento y sin previo aviso los t\u00e9rminos y las condiciones establecidas en este documento.<\/p>\n<p style=\"font-weight: 400;\">\u00a0<\/p>\t\t\t\t\t\t\t\t<\/div>\n\t\t\t\t<\/div>\n\t\t\t\t\t<\/div>\n\t\t\t\t<\/div>\n\t\t\t\t<\/div>","protected":false},"excerpt":{"rendered":"<p>Aviso legal Propiedad del sitio web Este sitio web, con direcci\u00f3n https:\/\/badiapujolarquitectura.com es propiedad de BADIA PUJOL ARQUIETCTURA, con domicilio en la calle Mandri 2, de Barcelona, en adelante BADIA PUJOL ARQUIETCTURA Contenidos del sitio web Todos sus contenidos, incluyendo los textos, las im\u00e1genes, el sonido y cualquier otro material, son propiedad de BADIA PUJOL [&hellip;]<\/p>\n","protected":false},"author":1,"featured_media":0,"parent":0,"menu_order":0,"comment_status":"closed","ping_status":"closed","template":"","meta":{"footnotes":""},"class_list":["post-3","page","type-page","status-publish","hentry"],"yoast_head":"<!-- This site is optimized with the Yoast SEO plugin v26.9 - https:\/\/yoast.com\/product\/yoast-seo-wordpress\/ -->\n<title>Aviso legal -<\/title>\n<meta name=\"robots\" content=\"index, follow, max-snippet:-1, max-image-preview:large, max-video-preview:-1\" \/>\n<link rel=\"canonical\" href=\"https:\/\/badiapujolarquitectura.com\/en\/aviso-legal\/\" \/>\n<meta property=\"og:locale\" content=\"en_GB\" \/>\n<meta property=\"og:type\" content=\"article\" \/>\n<meta property=\"og:title\" content=\"Aviso legal -\" \/>\n<meta property=\"og:description\" content=\"Aviso legal Propiedad del sitio web Este sitio web, con direcci\u00f3n https:\/\/badiapujolarquitectura.com es propiedad de BADIA PUJOL ARQUIETCTURA, con domicilio en la calle Mandri 2, de Barcelona, en adelante BADIA PUJOL ARQUIETCTURA Contenidos del sitio web Todos sus contenidos, incluyendo los textos, las im\u00e1genes, el sonido y cualquier otro material, son propiedad de BADIA PUJOL [&hellip;]\" \/>\n<meta property=\"og:url\" content=\"https:\/\/badiapujolarquitectura.com\/en\/aviso-legal\/\" \/>\n<meta property=\"article:modified_time\" content=\"2025-03-06T12:21:31+00:00\" \/>\n<meta name=\"twitter:card\" content=\"summary_large_image\" \/>\n<meta name=\"twitter:label1\" content=\"Estimated reading time\" \/>\n\t<meta name=\"twitter:data1\" content=\"3 minutes\" \/>\n<script type=\"application\/ld+json\" class=\"yoast-schema-graph\">{\"@context\":\"https:\/\/schema.org\",\"@graph\":[{\"@type\":\"WebPage\",\"@id\":\"https:\/\/badiapujolarquitectura.com\/aviso-legal\/\",\"url\":\"https:\/\/badiapujolarquitectura.com\/aviso-legal\/\",\"name\":\"Aviso legal -\",\"isPartOf\":{\"@id\":\"https:\/\/badiapujolarquitectura.com\/#website\"},\"datePublished\":\"2024-12-09T16:23:43+00:00\",\"dateModified\":\"2025-03-06T12:21:31+00:00\",\"breadcrumb\":{\"@id\":\"https:\/\/badiapujolarquitectura.com\/aviso-legal\/#breadcrumb\"},\"inLanguage\":\"en-GB\",\"potentialAction\":[{\"@type\":\"ReadAction\",\"target\":[\"https:\/\/badiapujolarquitectura.com\/aviso-legal\/\"]}]},{\"@type\":\"BreadcrumbList\",\"@id\":\"https:\/\/badiapujolarquitectura.com\/aviso-legal\/#breadcrumb\",\"itemListElement\":[{\"@type\":\"ListItem\",\"position\":1,\"name\":\"Portada\",\"item\":\"https:\/\/badiapujolarquitectura.com\/\"},{\"@type\":\"ListItem\",\"position\":2,\"name\":\"Aviso legal\"}]},{\"@type\":\"WebSite\",\"@id\":\"https:\/\/badiapujolarquitectura.com\/#website\",\"url\":\"https:\/\/badiapujolarquitectura.com\/\",\"name\":\"\",\"description\":\"\",\"potentialAction\":[{\"@type\":\"SearchAction\",\"target\":{\"@type\":\"EntryPoint\",\"urlTemplate\":\"https:\/\/badiapujolarquitectura.com\/?s={search_term_string}\"},\"query-input\":{\"@type\":\"PropertyValueSpecification\",\"valueRequired\":true,\"valueName\":\"search_term_string\"}}],\"inLanguage\":\"en-GB\"}]}<\/script>\n<!-- \/ Yoast SEO plugin. -->","yoast_head_json":{"title":"Aviso legal -","robots":{"index":"index","follow":"follow","max-snippet":"max-snippet:-1","max-image-preview":"max-image-preview:large","max-video-preview":"max-video-preview:-1"},"canonical":"https:\/\/badiapujolarquitectura.com\/en\/aviso-legal\/","og_locale":"en_GB","og_type":"article","og_title":"Aviso legal -","og_description":"Aviso legal Propiedad del sitio web Este sitio web, con direcci\u00f3n https:\/\/badiapujolarquitectura.com es propiedad de BADIA PUJOL ARQUIETCTURA, con domicilio en la calle Mandri 2, de Barcelona, en adelante BADIA PUJOL ARQUIETCTURA Contenidos del sitio web Todos sus contenidos, incluyendo los textos, las im\u00e1genes, el sonido y cualquier otro material, son propiedad de BADIA PUJOL [&hellip;]","og_url":"https:\/\/badiapujolarquitectura.com\/en\/aviso-legal\/","article_modified_time":"2025-03-06T12:21:31+00:00","twitter_card":"summary_large_image","twitter_misc":{"Estimated reading time":"3 minutes"},"schema":{"@context":"https:\/\/schema.org","@graph":[{"@type":"WebPage","@id":"https:\/\/badiapujolarquitectura.com\/aviso-legal\/","url":"https:\/\/badiapujolarquitectura.com\/aviso-legal\/","name":"Aviso legal -","isPartOf":{"@id":"https:\/\/badiapujolarquitectura.com\/#website"},"datePublished":"2024-12-09T16:23:43+00:00","dateModified":"2025-03-06T12:21:31+00:00","breadcrumb":{"@id":"https:\/\/badiapujolarquitectura.com\/aviso-legal\/#breadcrumb"},"inLanguage":"en-GB","potentialAction":[{"@type":"ReadAction","target":["https:\/\/badiapujolarquitectura.com\/aviso-legal\/"]}]},{"@type":"BreadcrumbList","@id":"https:\/\/badiapujolarquitectura.com\/aviso-legal\/#breadcrumb","itemListElement":[{"@type":"ListItem","position":1,"name":"Portada","item":"https:\/\/badiapujolarquitectura.com\/"},{"@type":"ListItem","position":2,"name":"Aviso legal"}]},{"@type":"WebSite","@id":"https:\/\/badiapujolarquitectura.com\/#website","url":"https:\/\/badiapujolarquitectura.com\/","name":"","description":"","potentialAction":[{"@type":"SearchAction","target":{"@type":"EntryPoint","urlTemplate":"https:\/\/badiapujolarquitectura.com\/?s={search_term_string}"},"query-input":{"@type":"PropertyValueSpecification","valueRequired":true,"valueName":"search_term_string"}}],"inLanguage":"en-GB"}]}},"_links":{"self":[{"href":"https:\/\/badiapujolarquitectura.com\/en\/wp-json\/wp\/v2\/pages\/3","targetHints":{"allow":["GET"]}}],"collection":[{"href":"https:\/\/badiapujolarquitectura.com\/en\/wp-json\/wp\/v2\/pages"}],"about":[{"href":"https:\/\/badiapujolarquitectura.com\/en\/wp-json\/wp\/v2\/types\/page"}],"author":[{"embeddable":true,"href":"https:\/\/badiapujolarquitectura.com\/en\/wp-json\/wp\/v2\/users\/1"}],"replies":[{"embeddable":true,"href":"https:\/\/badiapujolarquitectura.com\/en\/wp-json\/wp\/v2\/comments?post=3"}],"version-history":[{"count":4,"href":"https:\/\/badiapujolarquitectura.com\/en\/wp-json\/wp\/v2\/pages\/3\/revisions"}],"predecessor-version":[{"id":598,"href":"https:\/\/badiapujolarquitectura.com\/en\/wp-json\/wp\/v2\/pages\/3\/revisions\/598"}],"wp:attachment":[{"href":"https:\/\/badiapujolarquitectura.com\/en\/wp-json\/wp\/v2\/media?parent=3"}],"curies":[{"name":"wp","href":"https:\/\/api.w.org\/{rel}","templated":true}]}}