{"id":604,"date":"2025-03-06T13:27:47","date_gmt":"2025-03-06T12:27:47","guid":{"rendered":"https:\/\/badiapujolarquitectura.com\/?page_id=604"},"modified":"2025-03-06T13:44:51","modified_gmt":"2025-03-06T12:44:51","slug":"politica-de-cookies","status":"publish","type":"page","link":"https:\/\/badiapujolarquitectura.com\/ca\/politica-de-cookies\/","title":{"rendered":"Pol\u00edtica de cookies"},"content":{"rendered":"<div data-elementor-type=\"wp-page\" data-elementor-id=\"604\" class=\"elementor elementor-604\" data-elementor-post-type=\"page\">\n\t\t\t\t<div class=\"elementor-element elementor-element-1b465c3 e-con-full e-flex e-con e-parent\" data-id=\"1b465c3\" data-element_type=\"container\" data-e-type=\"container\" data-settings=\"{&quot;background_background&quot;:&quot;classic&quot;}\">\n\t\t\t\t<div class=\"elementor-element elementor-element-0d07cdf elementor-widget elementor-widget-heading\" data-id=\"0d07cdf\" data-element_type=\"widget\" data-e-type=\"widget\" data-widget_type=\"heading.default\">\n\t\t\t\t<div class=\"elementor-widget-container\">\n\t\t\t\t\t<h2 class=\"elementor-heading-title elementor-size-default\">Pol\u00edtica de cookies<\/h2>\t\t\t\t<\/div>\n\t\t\t\t<\/div>\n\t\t\t\t<\/div>\n\t\t<div class=\"elementor-element elementor-element-7d34db50 e-flex e-con-boxed e-con e-parent\" data-id=\"7d34db50\" data-element_type=\"container\" data-e-type=\"container\">\n\t\t\t\t\t<div class=\"e-con-inner\">\n\t\t\t\t<div class=\"elementor-element elementor-element-2ae2b1fb elementor-widget elementor-widget-text-editor\" data-id=\"2ae2b1fb\" data-element_type=\"widget\" data-e-type=\"widget\" data-widget_type=\"text-editor.default\">\n\t\t\t\t<div class=\"elementor-widget-container\">\n\t\t\t\t\t\t\t\t\t\n<p><strong>POL\u00cdTICA DE COOKIES<\/strong><\/p>\n<p><strong>\u00bfQu\u00e9 son las cookies?<\/strong><\/p>\n<p>Una cookie es un peque\u00f1o fichero de texto que se almacena en su navegador cuando visita pr\u00e1cticamente cualquier p\u00e1gina web. Su utilidad es que la web sea capaz de recordar su visita cuando vuelva a navegar en esta p\u00e1gina. Las cookies suelen almacenar informaci\u00f3n de car\u00e1cter t\u00e9cnico, preferencias personales, personalizaci\u00f3n de contenidos, estad\u00edsticas de uso, enlaces a redes sociales, acceso a cuentas de usuario, etc. El objetivo de la cookie es adaptar el contenido de la web a su perfil y necesidades, sin cookies los servicios ofrecidos por cualquier p\u00e1gina se ver\u00edan reducidos notablemente.<\/p>\n<p>Seg\u00fan quien sea la entidad que gestione el dominio desde donde se env\u00eden las cookies y se trates los datos que se obtengan, se pueden distinguir dos tipos: cookies propias i cookies de terceros.<\/p>\n<p>Existen otras clasificaciones de cookies, atendiendo al t\u00e9rmino de tiempo que permanezcan almacenadas en el navegador del cliente, as\u00ed como atendiendo a la finalidad por la que se traten los datos obtenidos.<\/p>\n<p>Para m\u00e1s informaci\u00f3n puede consultar la \u201cGu\u00eda sobre el uso de las cookies\u201d de la Agencia Espa\u00f1ola de Protecci\u00f3n de Datos.<\/p>\n<p><strong>Cookies utilizadas en este sitio web<\/strong><\/p>\n<p>Siguiendo las directrices de la Agencia Espa\u00f1ola de Protecci\u00f3n de Datos procedemos a detallar el uso de cookies que hace esta web con la finalidad de informar con la m\u00e1xima exactitud posible. Este sitio web utiliza las siguientes cookies propias:<\/p>\n<p>Cookies propias para el control de sesi\u00f3n.<\/p>\n<p>Cookies de car\u00e1cter t\u00e9cnico.<\/p>\n<p>Cookies de aceptaci\u00f3n de la propia pol\u00edtica de cookies, entre otros.<\/p>\n<p><strong>Este sitio web utiliza las siguientes cookies de terceros:<\/strong><\/p>\n<p>Google Analytics: Almacena cookies para poder elaborar estad\u00edsticas sobre el tr\u00e1fico y volumen de visitas de esta web. Una de las herramientas de Google Analytics \u00a0nos aporta informaci\u00f3n, que tratamos estad\u00edsticamente, sobre la navegaci\u00f3n por nuestra web y la clase de dispositivo utilizado por nuestros visitantes.<\/p>\n<p>Redes sociales: Cada red social tiene sus propias cookies para que usted pueda hacer click en botones de tipo \u00abme gusta\u00bb o \u00abcompartir\u00bb.<\/p>\n<p>\u00a0<\/p>\n<p><strong>Desactivaci\u00f3n o eliminaci\u00f3n de cookies<\/strong><\/p>\n<p>En cualquier momento podr\u00e1 ejercer su derecho de desactivaci\u00f3n o eliminaci\u00f3n de cookies de este sitio web. Estas acciones se realizan de forma diferente en funci\u00f3n del navegador que est\u00e9n utilizando. Dado que en cada uno de los navegadores la operativa es diferente, le indicamos que la funci\u00f3n \u201cAyuda\u201d le mostrar\u00e1 c\u00f3mo hacerlo.<\/p>\n<p><strong>Aceptaci\u00f3n de la pol\u00edtica de cookies<\/strong><\/p>\n<p>Pulsando el bot\u00f3n \u201cEntendido\u201d se asume que usted acepta el uso de cookies.<\/p>\n<p><strong>Notas adicionales<\/strong><\/p>\n<p>Ni esta web ni sus representantes legales se hacen responsables ni del contenido ni de la veracidad de las pol\u00edticas de privacidad que puedan tener los terceros nombrados en esta pol\u00edtica de cookies.<\/p>\n<p>Los navegadores web son las herramientas encargadas de almacenar las cookies y desde este sitio de efectuar su derecho a la eliminaci\u00f3n o desactivaci\u00f3n de las mismas. Ni esta web ni sus representantes legales pueden garantizar la correcta o incorrecta manipulaci\u00f3n de las cookies por parte de los nombrados navegadores.<\/p>\n<p>Para m\u00e1s informaci\u00f3n sobre el uso que Google da a las cookies consultar\u00a0<a href=\"https:\/\/support.google.com\/analytics\/answer\/6004245\" target=\"_blank\" rel=\"noopener\">este enlace<\/a>.<\/p>\n<p>\u00a0<\/p>\n<p>\u00a0<\/p>\n<div class=\"cky-audit-table-element\">\n<h3 class=\"wp-block-heading\">Necesarias<\/h3>\n<div class=\"cky-category-des\">\n<p>Se requieren las cookies necesarias para habilitar las funciones b\u00e1sicas de este sitio, como proporcionar un inicio de sesi\u00f3n seguro o ajustar sus preferencias de consentimiento. Estas cookies no almacenan ning\u00fan dato de identificaci\u00f3n personal.<\/p>\n<\/div>\n<div class=\"cky-table-wrapper\">\n<table class=\"cky-cookie-audit-table\">\n<thead>\n<tr>\n<th>Cookie<\/th>\n<th>Duraci\u00f3n<\/th>\n<th>Descripci\u00f3n<\/th>\n<\/tr>\n<\/thead>\n<tbody>\n<tr>\n<td>cookieyes-consent<\/td>\n<td>1 year<\/td>\n<td>CookieYes sets this cookie to remember users&#8217; consent preferences so that their preferences are respected on subsequent visits to this site. It does not collect or store any personal information about the site visitors.<\/td>\n<\/tr>\n<tr>\n<td>elementor<\/td>\n<td>never<\/td>\n<td>The website&#8217;s WordPress theme uses this cookie.\u00a0It allows the website owner to implement or change the website&#8217;s content in real-time.<\/td>\n<\/tr>\n<tr>\n<td>__cf_bm<\/td>\n<td>1 hour<\/td>\n<td>This cookie, set by Cloudflare, is used to support Cloudflare Bot Management.<\/td>\n<\/tr>\n<tr>\n<td>__cfruid<\/td>\n<td>session<\/td>\n<td>Cloudflare sets this cookie to identify trusted web traffic.<\/td>\n<\/tr>\n<\/tbody>\n<\/table>\n<\/div>\n<h3>Analytics<\/h3>\n<div class=\"cky-category-des\">\n<p>Las cookies anal\u00edticas se utilizan para comprender c\u00f3mo interact\u00faan los visitantes con el sitio web. Estas cookies ayudan a proporcionar informaci\u00f3n sobre m\u00e9tricas como el n\u00famero de visitantes, la tasa de rebote, la fuente de tr\u00e1fico, etc.<\/p>\n<\/div>\n<div class=\"cky-table-wrapper\">\n<table class=\"cky-cookie-audit-table\">\n<thead>\n<tr>\n<th>Cookie<\/th>\n<th>Duraci\u00f3n<\/th>\n<th>Descripci\u00f3n<\/th>\n<\/tr>\n<\/thead>\n<tbody>\n<tr>\n<td>_gcl_au<\/td>\n<td>3 months<\/td>\n<td>Google Tag Manager sets the cookie to experiment advertisement efficiency of websites using their services.<\/td>\n<\/tr>\n<tr>\n<td>_ga_*<\/td>\n<td>1 year 1 month 4 days<\/td>\n<td>Google Analytics sets this cookie to store and count page views.<\/td>\n<\/tr>\n<tr>\n<td>_ga<\/td>\n<td>1 year 1 month 4 days<\/td>\n<td>Google Analytics sets this cookie to calculate visitor, session and campaign data and track site usage for the site&#8217;s analytics report. The cookie stores information anonymously and assigns a randomly generated number to recognise unique visitors.<\/td>\n<\/tr>\n<\/tbody>\n<\/table>\n<\/div>\n<h3>Rendimiento<\/h3>\n<div class=\"cky-category-des\">\n<p>Las cookies de rendimiento se utilizan para comprender y analizar los \u00edndices clave de rendimiento del sitio web, lo que ayuda a ofrecer una mejor experiencia de usuario a los visitantes.<\/p>\n<\/div>\n<div class=\"cky-table-wrapper\">\n<table class=\"cky-cookie-audit-table\">\n<thead>\n<tr>\n<th>Cookie<\/th>\n<th>Duraci\u00f3n<\/th>\n<th>Descripci\u00f3n<\/th>\n<\/tr>\n<\/thead>\n<tbody>\n<tr>\n<td>_calendly_session<\/td>\n<td>21 days<\/td>\n<td>Calendly, a Meeting Schedulers, sets this cookie to allow the meeting scheduler to function within the website and to add events into the visitor\u2019s calendar.<\/td>\n<\/tr>\n<\/tbody>\n<\/table>\n<\/div>\n<\/div>\t\t\t\t\t\t\t\t<\/div>\n\t\t\t\t<\/div>\n\t\t\t\t\t<\/div>\n\t\t\t\t<\/div>\n\t\t\t\t<\/div>","protected":false},"excerpt":{"rendered":"<p>Pol\u00edtica de cookies POL\u00cdTICA DE COOKIES \u00bfQu\u00e9 son las cookies? Una cookie es un peque\u00f1o fichero de texto que se almacena en su navegador cuando visita pr\u00e1cticamente cualquier p\u00e1gina web. Su utilidad es que la web sea capaz de recordar su visita cuando vuelva a navegar en esta p\u00e1gina. Las cookies suelen almacenar informaci\u00f3n de [&hellip;]<\/p>\n","protected":false},"author":1,"featured_media":0,"parent":0,"menu_order":0,"comment_status":"closed","ping_status":"closed","template":"","meta":{"footnotes":""},"class_list":["post-604","page","type-page","status-publish","hentry"],"yoast_head":"<!-- This site is optimized with the Yoast SEO plugin v26.9 - https:\/\/yoast.com\/product\/yoast-seo-wordpress\/ -->\n<title>Pol\u00edtica de cookies -<\/title>\n<meta name=\"robots\" content=\"index, follow, max-snippet:-1, max-image-preview:large, max-video-preview:-1\" \/>\n<link rel=\"canonical\" href=\"https:\/\/badiapujolarquitectura.com\/ca\/politica-de-cookies\/\" \/>\n<meta property=\"og:locale\" content=\"ca_ES\" \/>\n<meta property=\"og:type\" content=\"article\" \/>\n<meta property=\"og:title\" content=\"Pol\u00edtica de cookies -\" \/>\n<meta property=\"og:description\" content=\"Pol\u00edtica de cookies POL\u00cdTICA DE COOKIES \u00bfQu\u00e9 son las cookies? Una cookie es un peque\u00f1o fichero de texto que se almacena en su navegador cuando visita pr\u00e1cticamente cualquier p\u00e1gina web. Su utilidad es que la web sea capaz de recordar su visita cuando vuelva a navegar en esta p\u00e1gina. Las cookies suelen almacenar informaci\u00f3n de [&hellip;]\" \/>\n<meta property=\"og:url\" content=\"https:\/\/badiapujolarquitectura.com\/ca\/politica-de-cookies\/\" \/>\n<meta property=\"article:modified_time\" content=\"2025-03-06T12:44:51+00:00\" \/>\n<meta name=\"twitter:card\" content=\"summary_large_image\" \/>\n<meta name=\"twitter:label1\" content=\"Temps estimat de lectura\" \/>\n\t<meta name=\"twitter:data1\" content=\"4 minuts\" \/>\n<script type=\"application\/ld+json\" class=\"yoast-schema-graph\">{\"@context\":\"https:\/\/schema.org\",\"@graph\":[{\"@type\":\"WebPage\",\"@id\":\"https:\/\/badiapujolarquitectura.com\/politica-de-cookies\/\",\"url\":\"https:\/\/badiapujolarquitectura.com\/politica-de-cookies\/\",\"name\":\"Pol\u00edtica de cookies -\",\"isPartOf\":{\"@id\":\"https:\/\/badiapujolarquitectura.com\/#website\"},\"datePublished\":\"2025-03-06T12:27:47+00:00\",\"dateModified\":\"2025-03-06T12:44:51+00:00\",\"breadcrumb\":{\"@id\":\"https:\/\/badiapujolarquitectura.com\/politica-de-cookies\/#breadcrumb\"},\"inLanguage\":\"ca\",\"potentialAction\":[{\"@type\":\"ReadAction\",\"target\":[\"https:\/\/badiapujolarquitectura.com\/politica-de-cookies\/\"]}]},{\"@type\":\"BreadcrumbList\",\"@id\":\"https:\/\/badiapujolarquitectura.com\/politica-de-cookies\/#breadcrumb\",\"itemListElement\":[{\"@type\":\"ListItem\",\"position\":1,\"name\":\"Portada\",\"item\":\"https:\/\/badiapujolarquitectura.com\/\"},{\"@type\":\"ListItem\",\"position\":2,\"name\":\"Pol\u00edtica de cookies\"}]},{\"@type\":\"WebSite\",\"@id\":\"https:\/\/badiapujolarquitectura.com\/#website\",\"url\":\"https:\/\/badiapujolarquitectura.com\/\",\"name\":\"\",\"description\":\"\",\"potentialAction\":[{\"@type\":\"SearchAction\",\"target\":{\"@type\":\"EntryPoint\",\"urlTemplate\":\"https:\/\/badiapujolarquitectura.com\/?s={search_term_string}\"},\"query-input\":{\"@type\":\"PropertyValueSpecification\",\"valueRequired\":true,\"valueName\":\"search_term_string\"}}],\"inLanguage\":\"ca\"}]}<\/script>\n<!-- \/ Yoast SEO plugin. -->","yoast_head_json":{"title":"Pol\u00edtica de cookies -","robots":{"index":"index","follow":"follow","max-snippet":"max-snippet:-1","max-image-preview":"max-image-preview:large","max-video-preview":"max-video-preview:-1"},"canonical":"https:\/\/badiapujolarquitectura.com\/ca\/politica-de-cookies\/","og_locale":"ca_ES","og_type":"article","og_title":"Pol\u00edtica de cookies -","og_description":"Pol\u00edtica de cookies POL\u00cdTICA DE COOKIES \u00bfQu\u00e9 son las cookies? Una cookie es un peque\u00f1o fichero de texto que se almacena en su navegador cuando visita pr\u00e1cticamente cualquier p\u00e1gina web. Su utilidad es que la web sea capaz de recordar su visita cuando vuelva a navegar en esta p\u00e1gina. Las cookies suelen almacenar informaci\u00f3n de [&hellip;]","og_url":"https:\/\/badiapujolarquitectura.com\/ca\/politica-de-cookies\/","article_modified_time":"2025-03-06T12:44:51+00:00","twitter_card":"summary_large_image","twitter_misc":{"Temps estimat de lectura":"4 minuts"},"schema":{"@context":"https:\/\/schema.org","@graph":[{"@type":"WebPage","@id":"https:\/\/badiapujolarquitectura.com\/politica-de-cookies\/","url":"https:\/\/badiapujolarquitectura.com\/politica-de-cookies\/","name":"Pol\u00edtica de cookies -","isPartOf":{"@id":"https:\/\/badiapujolarquitectura.com\/#website"},"datePublished":"2025-03-06T12:27:47+00:00","dateModified":"2025-03-06T12:44:51+00:00","breadcrumb":{"@id":"https:\/\/badiapujolarquitectura.com\/politica-de-cookies\/#breadcrumb"},"inLanguage":"ca","potentialAction":[{"@type":"ReadAction","target":["https:\/\/badiapujolarquitectura.com\/politica-de-cookies\/"]}]},{"@type":"BreadcrumbList","@id":"https:\/\/badiapujolarquitectura.com\/politica-de-cookies\/#breadcrumb","itemListElement":[{"@type":"ListItem","position":1,"name":"Portada","item":"https:\/\/badiapujolarquitectura.com\/"},{"@type":"ListItem","position":2,"name":"Pol\u00edtica de cookies"}]},{"@type":"WebSite","@id":"https:\/\/badiapujolarquitectura.com\/#website","url":"https:\/\/badiapujolarquitectura.com\/","name":"","description":"","potentialAction":[{"@type":"SearchAction","target":{"@type":"EntryPoint","urlTemplate":"https:\/\/badiapujolarquitectura.com\/?s={search_term_string}"},"query-input":{"@type":"PropertyValueSpecification","valueRequired":true,"valueName":"search_term_string"}}],"inLanguage":"ca"}]}},"_links":{"self":[{"href":"https:\/\/badiapujolarquitectura.com\/ca\/wp-json\/wp\/v2\/pages\/604","targetHints":{"allow":["GET"]}}],"collection":[{"href":"https:\/\/badiapujolarquitectura.com\/ca\/wp-json\/wp\/v2\/pages"}],"about":[{"href":"https:\/\/badiapujolarquitectura.com\/ca\/wp-json\/wp\/v2\/types\/page"}],"author":[{"embeddable":true,"href":"https:\/\/badiapujolarquitectura.com\/ca\/wp-json\/wp\/v2\/users\/1"}],"replies":[{"embeddable":true,"href":"https:\/\/badiapujolarquitectura.com\/ca\/wp-json\/wp\/v2\/comments?post=604"}],"version-history":[{"count":7,"href":"https:\/\/badiapujolarquitectura.com\/ca\/wp-json\/wp\/v2\/pages\/604\/revisions"}],"predecessor-version":[{"id":616,"href":"https:\/\/badiapujolarquitectura.com\/ca\/wp-json\/wp\/v2\/pages\/604\/revisions\/616"}],"wp:attachment":[{"href":"https:\/\/badiapujolarquitectura.com\/ca\/wp-json\/wp\/v2\/media?parent=604"}],"curies":[{"name":"wp","href":"https:\/\/api.w.org\/{rel}","templated":true}]}}